{"id":10029,"date":"2026-01-06T10:50:41","date_gmt":"2026-01-06T10:50:41","guid":{"rendered":"https:\/\/mtbsouthafrica.com\/?page_id=10029"},"modified":"2026-01-06T15:40:43","modified_gmt":"2026-01-06T15:40:43","slug":"zwitserland","status":"publish","type":"page","link":"https:\/\/mtbsouthafrica.com\/en\/zwitserland\/","title":{"rendered":"Switserland"},"content":{"rendered":"<p><img decoding=\"async\" class=\"alignnone wp-image-10027\" src=\"https:\/\/mtbsouthafrica.com\/wp-content\/uploads\/2026\/01\/mtbverbier-logo-black.svg\" alt=\"\" width=\"206\" height=\"72\" \/><\/p>\n<p>Een gedeelde MTB-filosofie van de Alpen tot Zuid-Afrika. Ontdek de samenwerking tussen MTB<br \/>\nVerbier en de Zuid-Afrika MTB Experience in een uniek, begeleid MTB avontuur.<br \/>\nVanuit ons mountainbike-DNA weten we \u00e9\u00e9n ding zeker: elke mountainbiker heeft een bucketlist.<br \/>\nBestemmingen die je ooit gereden m\u00f3\u00e9t hebben, met trails die je bijblijven en ervaringen die verder<br \/>\ngaan dan alleen fietsen.<\/p>\n<p>Precies vanuit die gedachte hebben we Erik en Jess \u2013 de founders van MTB Verbier \u2013 uitgenodigd<br \/>\nom deel te nemen aan onze 8-daagse Zuid-Afrika MTB Experience. Niet als toerist, maar als<br \/>\nervaren organisatoren met meer dan 22 jaar ervaring in het begeleiden van hoogwaardige<br \/>\nmountainbike-avonturen in de Zwitserse Alpen. We vroegen hen onze reis te beoordelen op alles<br \/>\nwat er toe doet: professionaliteit, gidsen, trailprogramma, accommodatie en vooral de algehele<br \/>\nvibe.<\/p>\n<p>Hun filosofie sluit naadloos aan bij die van ons. We love to ride \u2013 omdat mountainbiken de mooiste<br \/>\nmanier is om bergen, natuur en mensen te ontdekken. Samen rijden, samen eten, samen beleven.<br \/>\nVrijheid om op je eigen niveau en tempo te fietsen, maar altijd binnen een veilige, professionele<br \/>\nsetting met ervaren gidsen die coachen, begeleiden en uitdagen. Niet racen, maar groeien,<br \/>\ngenieten en plezier maken.<\/p>\n        <div class=\"rmwr-wrapper\" \n             data-id=\"rmwr-69e5f6d3c51ed\"\n             data-mode=\"normal\"\n             data-animation=\"fade\"\n             data-duration=\"300\"\n             data-smooth-scroll=\"true\"\n             data-scroll-offset=\"0\">\n            <button \n                type=\"button\"\n                class=\"read-link\" \n                id=\"readlinkrmwr-69e5f6d3c51ed\"\n                data-open-text=\"Lees meer \u2192\"\n                data-close-text=\"Lees minder \u2192\"\n                aria-expanded=\"false\"\n                aria-controls=\"readrmwr-69e5f6d3c51ed\"\n                aria-label=\"Lees meer \u2192\"\n            >\n                <span class=\"rmwr-text\">Lees meer \u2192<\/span>\n            <\/button>\n            <div \n                class=\"read_div\" \n                id=\"readrmwr-69e5f6d3c51ed\"\n                aria-hidden=\"true\"\n                data-animation=\"fade\"\n                data-duration=\"300\"\n                style=\"display: none;\"\n            >\n                <\/p>\n<p>Na afloop van de reis was hun oordeel glashelder. Ze waren z\u00f3 enthousiast dat ze direct besloten<br \/>\nmet ons samen te werken. MTB Verbier wordt officieel partner en zal een eigen editie van de<br \/>\nZuid-Afrika MTB Experience promoten. Van 5 tot en met 14 december komen zij samen met hun<br \/>\ndeelnemers naar Zuid-Afrika voor een unieke, door hen gecureerde ervaring.<br \/>\nEn het werkt twee kanten op. In juni 2026 reizen wij zelf naar Zwitserland om deel te nemen aan<br \/>\n\u00e9\u00e9n van hun programma\u2019s in Verbier. Nog voordat we daar hebben gereden, weten we al zeker:<br \/>\nwat Erik en Jess neerzetten is van dezelfde hoge kwaliteit, met dezelfde zorgeloze eat-sleep-bike<br \/>\nfilosofie en dezelfde liefde voor het vak.<br \/>\nTwee bestemmingen, twee continenten, \u00e9\u00e9n gedeelde visie op mountainbiken. Dit is precies hoe<br \/>\nsamenwerkingen horen te ontstaan.            <\/div>\n        <\/div>","protected":false},"excerpt":{"rendered":"<p>Een gedeelde MTB-filosofie van de Alpen tot Zuid-Afrika. Ontdek de samenwerking tussen MTB Verbier en de Zuid-Afrika MTB Experience in een uniek, begeleid MTB avontuur. Vanuit ons mountainbike-DNA weten we \u00e9\u00e9n ding zeker: elke mountainbiker heeft een bucketlist. Bestemmingen die je ooit gereden m\u00f3\u00e9t hebben, met trails die je bijblijven en ervaringen die verder gaan [&hellip;]<\/p>\n","protected":false},"author":1,"featured_media":0,"parent":0,"menu_order":0,"comment_status":"closed","ping_status":"closed","template":"","meta":{"_acf_changed":false,"_sitemap_exclude":false,"_sitemap_priority":"","_sitemap_frequency":"","footnotes":""},"class_list":["post-10029","page","type-page","status-publish","hentry"],"acf":[],"yoast_head":"<!-- This site is optimized with the Yoast SEO plugin v27.3 - https:\/\/yoast.com\/product\/yoast-seo-wordpress\/ -->\n<title>ZWITSERLAND - South African MTB Experience<\/title>\n<meta name=\"robots\" content=\"index, follow, max-snippet:-1, max-image-preview:large, max-video-preview:-1\" \/>\n<link rel=\"canonical\" href=\"https:\/\/mtbsouthafrica.com\/en\/zwitserland\/\" \/>\n<meta property=\"og:locale\" content=\"en_GB\" \/>\n<meta property=\"og:type\" content=\"article\" \/>\n<meta property=\"og:title\" content=\"ZWITSERLAND - South African MTB Experience\" \/>\n<meta property=\"og:description\" content=\"Een gedeelde MTB-filosofie van de Alpen tot Zuid-Afrika. Ontdek de samenwerking tussen MTB Verbier en de Zuid-Afrika MTB Experience in een uniek, begeleid MTB avontuur. Vanuit ons mountainbike-DNA weten we \u00e9\u00e9n ding zeker: elke mountainbiker heeft een bucketlist. Bestemmingen die je ooit gereden m\u00f3\u00e9t hebben, met trails die je bijblijven en ervaringen die verder gaan [&hellip;]\" \/>\n<meta property=\"og:url\" content=\"https:\/\/mtbsouthafrica.com\/en\/zwitserland\/\" \/>\n<meta property=\"og:site_name\" content=\"South African MTB Experience\" \/>\n<meta property=\"article:modified_time\" content=\"2026-01-06T15:40:43+00:00\" \/>\n<meta name=\"twitter:card\" content=\"summary_large_image\" \/>\n<meta name=\"twitter:label1\" content=\"Estimated reading time\" \/>\n\t<meta name=\"twitter:data1\" content=\"2 minutes\" \/>\n<script type=\"application\/ld+json\" class=\"yoast-schema-graph\">{\"@context\":\"https:\\\/\\\/schema.org\",\"@graph\":[{\"@type\":\"WebPage\",\"@id\":\"https:\\\/\\\/mtbsouthafrica.com\\\/zwitserland\\\/\",\"url\":\"https:\\\/\\\/mtbsouthafrica.com\\\/zwitserland\\\/\",\"name\":\"ZWITSERLAND - South African MTB Experience\",\"isPartOf\":{\"@id\":\"https:\\\/\\\/mtbsouthafrica.com\\\/#website\"},\"primaryImageOfPage\":{\"@id\":\"https:\\\/\\\/mtbsouthafrica.com\\\/zwitserland\\\/#primaryimage\"},\"image\":{\"@id\":\"https:\\\/\\\/mtbsouthafrica.com\\\/zwitserland\\\/#primaryimage\"},\"thumbnailUrl\":\"https:\\\/\\\/mtbsouthafrica.com\\\/wp-content\\\/uploads\\\/2026\\\/01\\\/mtbverbier-logo-black.svg\",\"datePublished\":\"2026-01-06T10:50:41+00:00\",\"dateModified\":\"2026-01-06T15:40:43+00:00\",\"breadcrumb\":{\"@id\":\"https:\\\/\\\/mtbsouthafrica.com\\\/zwitserland\\\/#breadcrumb\"},\"inLanguage\":\"en-GB\",\"potentialAction\":[{\"@type\":\"ReadAction\",\"target\":[\"https:\\\/\\\/mtbsouthafrica.com\\\/zwitserland\\\/\"]}]},{\"@type\":\"ImageObject\",\"inLanguage\":\"en-GB\",\"@id\":\"https:\\\/\\\/mtbsouthafrica.com\\\/zwitserland\\\/#primaryimage\",\"url\":\"https:\\\/\\\/mtbsouthafrica.com\\\/wp-content\\\/uploads\\\/2026\\\/01\\\/mtbverbier-logo-black.svg\",\"contentUrl\":\"https:\\\/\\\/mtbsouthafrica.com\\\/wp-content\\\/uploads\\\/2026\\\/01\\\/mtbverbier-logo-black.svg\"},{\"@type\":\"BreadcrumbList\",\"@id\":\"https:\\\/\\\/mtbsouthafrica.com\\\/zwitserland\\\/#breadcrumb\",\"itemListElement\":[{\"@type\":\"ListItem\",\"position\":1,\"name\":\"Home\",\"item\":\"https:\\\/\\\/mtbsouthafrica.com\\\/\"},{\"@type\":\"ListItem\",\"position\":2,\"name\":\"ZWITSERLAND\"}]},{\"@type\":\"WebSite\",\"@id\":\"https:\\\/\\\/mtbsouthafrica.com\\\/#website\",\"url\":\"https:\\\/\\\/mtbsouthafrica.com\\\/\",\"name\":\"South African MTB Experience\",\"description\":\"Ride with the locals\",\"publisher\":{\"@id\":\"https:\\\/\\\/mtbsouthafrica.com\\\/#organization\"},\"potentialAction\":[{\"@type\":\"SearchAction\",\"target\":{\"@type\":\"EntryPoint\",\"urlTemplate\":\"https:\\\/\\\/mtbsouthafrica.com\\\/?s={search_term_string}\"},\"query-input\":{\"@type\":\"PropertyValueSpecification\",\"valueRequired\":true,\"valueName\":\"search_term_string\"}}],\"inLanguage\":\"en-GB\"},{\"@type\":\"Organization\",\"@id\":\"https:\\\/\\\/mtbsouthafrica.com\\\/#organization\",\"name\":\"Zuid Afrika MTB Experience\",\"url\":\"https:\\\/\\\/mtbsouthafrica.com\\\/\",\"logo\":{\"@type\":\"ImageObject\",\"inLanguage\":\"en-GB\",\"@id\":\"https:\\\/\\\/mtbsouthafrica.com\\\/#\\\/schema\\\/logo\\\/image\\\/\",\"url\":\"https:\\\/\\\/mtbsouthafrica.com\\\/wp-content\\\/uploads\\\/2024\\\/01\\\/SouthAfrican_MTB_ExperienceLOGO.png\",\"contentUrl\":\"https:\\\/\\\/mtbsouthafrica.com\\\/wp-content\\\/uploads\\\/2024\\\/01\\\/SouthAfrican_MTB_ExperienceLOGO.png\",\"width\":772,\"height\":770,\"caption\":\"Zuid Afrika MTB Experience\"},\"image\":{\"@id\":\"https:\\\/\\\/mtbsouthafrica.com\\\/#\\\/schema\\\/logo\\\/image\\\/\"},\"sameAs\":[\"https:\\\/\\\/www.youtube.com\\\/channel\\\/UC0Q9RosGffkY7CLQA9fMwkQ\"]}]}<\/script>\n<!-- \/ Yoast SEO plugin. -->","yoast_head_json":{"title":"ZWITSERLAND - South African MTB Experience","robots":{"index":"index","follow":"follow","max-snippet":"max-snippet:-1","max-image-preview":"max-image-preview:large","max-video-preview":"max-video-preview:-1"},"canonical":"https:\/\/mtbsouthafrica.com\/en\/zwitserland\/","og_locale":"en_GB","og_type":"article","og_title":"ZWITSERLAND - South African MTB Experience","og_description":"Een gedeelde MTB-filosofie van de Alpen tot Zuid-Afrika. Ontdek de samenwerking tussen MTB Verbier en de Zuid-Afrika MTB Experience in een uniek, begeleid MTB avontuur. Vanuit ons mountainbike-DNA weten we \u00e9\u00e9n ding zeker: elke mountainbiker heeft een bucketlist. Bestemmingen die je ooit gereden m\u00f3\u00e9t hebben, met trails die je bijblijven en ervaringen die verder gaan [&hellip;]","og_url":"https:\/\/mtbsouthafrica.com\/en\/zwitserland\/","og_site_name":"South African MTB Experience","article_modified_time":"2026-01-06T15:40:43+00:00","twitter_card":"summary_large_image","twitter_misc":{"Estimated reading time":"2 minutes"},"schema":{"@context":"https:\/\/schema.org","@graph":[{"@type":"WebPage","@id":"https:\/\/mtbsouthafrica.com\/zwitserland\/","url":"https:\/\/mtbsouthafrica.com\/zwitserland\/","name":"ZWITSERLAND - South African MTB Experience","isPartOf":{"@id":"https:\/\/mtbsouthafrica.com\/#website"},"primaryImageOfPage":{"@id":"https:\/\/mtbsouthafrica.com\/zwitserland\/#primaryimage"},"image":{"@id":"https:\/\/mtbsouthafrica.com\/zwitserland\/#primaryimage"},"thumbnailUrl":"https:\/\/mtbsouthafrica.com\/wp-content\/uploads\/2026\/01\/mtbverbier-logo-black.svg","datePublished":"2026-01-06T10:50:41+00:00","dateModified":"2026-01-06T15:40:43+00:00","breadcrumb":{"@id":"https:\/\/mtbsouthafrica.com\/zwitserland\/#breadcrumb"},"inLanguage":"en-GB","potentialAction":[{"@type":"ReadAction","target":["https:\/\/mtbsouthafrica.com\/zwitserland\/"]}]},{"@type":"ImageObject","inLanguage":"en-GB","@id":"https:\/\/mtbsouthafrica.com\/zwitserland\/#primaryimage","url":"https:\/\/mtbsouthafrica.com\/wp-content\/uploads\/2026\/01\/mtbverbier-logo-black.svg","contentUrl":"https:\/\/mtbsouthafrica.com\/wp-content\/uploads\/2026\/01\/mtbverbier-logo-black.svg"},{"@type":"BreadcrumbList","@id":"https:\/\/mtbsouthafrica.com\/zwitserland\/#breadcrumb","itemListElement":[{"@type":"ListItem","position":1,"name":"Home","item":"https:\/\/mtbsouthafrica.com\/"},{"@type":"ListItem","position":2,"name":"ZWITSERLAND"}]},{"@type":"WebSite","@id":"https:\/\/mtbsouthafrica.com\/#website","url":"https:\/\/mtbsouthafrica.com\/","name":"South African MTB Experience","description":"Ride with the locals","publisher":{"@id":"https:\/\/mtbsouthafrica.com\/#organization"},"potentialAction":[{"@type":"SearchAction","target":{"@type":"EntryPoint","urlTemplate":"https:\/\/mtbsouthafrica.com\/?s={search_term_string}"},"query-input":{"@type":"PropertyValueSpecification","valueRequired":true,"valueName":"search_term_string"}}],"inLanguage":"en-GB"},{"@type":"Organization","@id":"https:\/\/mtbsouthafrica.com\/#organization","name":"Zuid Afrika MTB Experience","url":"https:\/\/mtbsouthafrica.com\/","logo":{"@type":"ImageObject","inLanguage":"en-GB","@id":"https:\/\/mtbsouthafrica.com\/#\/schema\/logo\/image\/","url":"https:\/\/mtbsouthafrica.com\/wp-content\/uploads\/2024\/01\/SouthAfrican_MTB_ExperienceLOGO.png","contentUrl":"https:\/\/mtbsouthafrica.com\/wp-content\/uploads\/2024\/01\/SouthAfrican_MTB_ExperienceLOGO.png","width":772,"height":770,"caption":"Zuid Afrika MTB Experience"},"image":{"@id":"https:\/\/mtbsouthafrica.com\/#\/schema\/logo\/image\/"},"sameAs":["https:\/\/www.youtube.com\/channel\/UC0Q9RosGffkY7CLQA9fMwkQ"]}]}},"_links":{"self":[{"href":"https:\/\/mtbsouthafrica.com\/en\/wp-json\/wp\/v2\/pages\/10029","targetHints":{"allow":["GET"]}}],"collection":[{"href":"https:\/\/mtbsouthafrica.com\/en\/wp-json\/wp\/v2\/pages"}],"about":[{"href":"https:\/\/mtbsouthafrica.com\/en\/wp-json\/wp\/v2\/types\/page"}],"author":[{"embeddable":true,"href":"https:\/\/mtbsouthafrica.com\/en\/wp-json\/wp\/v2\/users\/1"}],"replies":[{"embeddable":true,"href":"https:\/\/mtbsouthafrica.com\/en\/wp-json\/wp\/v2\/comments?post=10029"}],"version-history":[{"count":0,"href":"https:\/\/mtbsouthafrica.com\/en\/wp-json\/wp\/v2\/pages\/10029\/revisions"}],"wp:attachment":[{"href":"https:\/\/mtbsouthafrica.com\/en\/wp-json\/wp\/v2\/media?parent=10029"}],"curies":[{"name":"wp","href":"https:\/\/api.w.org\/{rel}","templated":true}]}}