{"id":10377,"date":"2026-02-11T09:14:29","date_gmt":"2026-02-11T09:14:29","guid":{"rendered":"https:\/\/mtbsouthafrica.com\/?page_id=10377"},"modified":"2026-03-02T13:33:37","modified_gmt":"2026-03-02T13:33:37","slug":"mtb-south-africa-experience","status":"publish","type":"page","link":"https:\/\/mtbsouthafrica.com\/en\/","title":{"rendered":"MTB South Africa Experience"},"content":{"rendered":"<p style=\"font-weight: 400;\"><img decoding=\"async\" class=\"alignnone wp-image-10223\" src=\"https:\/\/mtbsouthafrica.com\/wp-content\/uploads\/2026\/01\/SouthAfrican_MTB_Experience-300x298.png\" alt=\"\" width=\"126\" height=\"125\" srcset=\"https:\/\/mtbsouthafrica.com\/wp-content\/uploads\/2026\/01\/SouthAfrican_MTB_Experience-300x300.png 300w, https:\/\/mtbsouthafrica.com\/wp-content\/uploads\/2026\/01\/SouthAfrican_MTB_Experience-150x150.png 150w, https:\/\/mtbsouthafrica.com\/wp-content\/uploads\/2026\/01\/SouthAfrican_MTB_Experience-12x12.png 12w, https:\/\/mtbsouthafrica.com\/wp-content\/uploads\/2026\/01\/SouthAfrican_MTB_Experience-100x100.png 100w, https:\/\/mtbsouthafrica.com\/wp-content\/uploads\/2026\/01\/SouthAfrican_MTB_Experience.png 528w\" sizes=\"(max-width: 126px) 100vw, 126px\" \/><\/p>\n<p style=\"font-weight: 400;\">From our mountainbike DNA we know one thing for sure: every mountainbiker has a bucket list. Destinations you simply have to ride at least once in your life. Places where iconic trails come together with moments and memories that stay with you forever.<\/p>\n<p style=\"font-weight: 400;\">That\u2019s exactly why we created the South Africa MTB Experience. World-class trails, spectacular landscapes and authentic South African hospitality \u2014 all brought together in one seamless experience.<\/p>\n<p style=\"font-weight: 400;\">Small groups. Big experience.<\/p>\n<p style=\"font-weight: 400;\"><strong>Let\u2019s Ride Together.<\/strong><\/p>","protected":false},"excerpt":{"rendered":"<p>Vanuit ons mountainbike-DNA weten we \u00e9\u00e9n ding zeker: elke mountainbiker heeft een bucketlist. Bestemmingen die je ooit gereden m\u00f3\u00e9t hebben. Plekken waar iconische trails samenkomen met momenten en herinneringen die je voor altijd bijblijven. Wij ontwikkelen, organiseren hoogwaardige, avontuurlijke MTB-events \u2014 zelfstandig \u00e9n samen met zorgvuldig geselecteerde partners die begrijpen wat er nodig is om [&hellip;]<\/p>\n","protected":false},"author":1,"featured_media":0,"parent":0,"menu_order":0,"comment_status":"closed","ping_status":"closed","template":"","meta":{"_acf_changed":false,"_sitemap_exclude":false,"_sitemap_priority":"","_sitemap_frequency":"","footnotes":""},"class_list":["post-10377","page","type-page","status-publish","hentry"],"acf":[],"yoast_head":"<!-- This site is optimized with the Yoast SEO plugin v27.4 - https:\/\/yoast.com\/product\/yoast-seo-wordpress\/ -->\n<title>MTB South Africa Experience - South African MTB Experience<\/title>\n<meta name=\"robots\" content=\"index, follow, max-snippet:-1, max-image-preview:large, max-video-preview:-1\" \/>\n<link rel=\"canonical\" href=\"https:\/\/mtbsouthafrica.com\/en\/\" \/>\n<meta property=\"og:locale\" content=\"en_GB\" \/>\n<meta property=\"og:type\" content=\"article\" \/>\n<meta property=\"og:title\" content=\"MTB South Africa Experience - South African MTB Experience\" \/>\n<meta property=\"og:description\" content=\"Vanuit ons mountainbike-DNA weten we \u00e9\u00e9n ding zeker: elke mountainbiker heeft een bucketlist. Bestemmingen die je ooit gereden m\u00f3\u00e9t hebben. Plekken waar iconische trails samenkomen met momenten en herinneringen die je voor altijd bijblijven. Wij ontwikkelen, organiseren hoogwaardige, avontuurlijke MTB-events \u2014 zelfstandig \u00e9n samen met zorgvuldig geselecteerde partners die begrijpen wat er nodig is om [&hellip;]\" \/>\n<meta property=\"og:url\" content=\"https:\/\/mtbsouthafrica.com\/en\/\" \/>\n<meta property=\"og:site_name\" content=\"South African MTB Experience\" \/>\n<meta property=\"article:modified_time\" content=\"2026-03-02T13:33:37+00:00\" \/>\n<meta property=\"og:image\" content=\"https:\/\/mtbsouthafrica.com\/wp-content\/uploads\/2026\/01\/SouthAfrican_MTB_Experience.png\" \/>\n\t<meta property=\"og:image:width\" content=\"528\" \/>\n\t<meta property=\"og:image:height\" content=\"525\" \/>\n\t<meta property=\"og:image:type\" content=\"image\/png\" \/>\n<meta name=\"twitter:card\" content=\"summary_large_image\" \/>\n<meta name=\"twitter:label1\" content=\"Estimated reading time\" \/>\n\t<meta name=\"twitter:data1\" content=\"1 minute\" \/>\n<script type=\"application\/ld+json\" class=\"yoast-schema-graph\">{\"@context\":\"https:\\\/\\\/schema.org\",\"@graph\":[{\"@type\":\"WebPage\",\"@id\":\"https:\\\/\\\/mtbsouthafrica.com\\\/\",\"url\":\"https:\\\/\\\/mtbsouthafrica.com\\\/\",\"name\":\"MTB South Africa Experience - South African MTB Experience\",\"isPartOf\":{\"@id\":\"https:\\\/\\\/mtbsouthafrica.com\\\/#website\"},\"primaryImageOfPage\":{\"@id\":\"https:\\\/\\\/mtbsouthafrica.com\\\/#primaryimage\"},\"image\":{\"@id\":\"https:\\\/\\\/mtbsouthafrica.com\\\/#primaryimage\"},\"thumbnailUrl\":\"https:\\\/\\\/mtbsouthafrica.com\\\/wp-content\\\/uploads\\\/2026\\\/01\\\/SouthAfrican_MTB_Experience-300x298.png\",\"datePublished\":\"2026-02-11T09:14:29+00:00\",\"dateModified\":\"2026-03-02T13:33:37+00:00\",\"breadcrumb\":{\"@id\":\"https:\\\/\\\/mtbsouthafrica.com\\\/#breadcrumb\"},\"inLanguage\":\"en-GB\",\"potentialAction\":[{\"@type\":\"ReadAction\",\"target\":[\"https:\\\/\\\/mtbsouthafrica.com\\\/\"]}]},{\"@type\":\"ImageObject\",\"inLanguage\":\"en-GB\",\"@id\":\"https:\\\/\\\/mtbsouthafrica.com\\\/#primaryimage\",\"url\":\"https:\\\/\\\/mtbsouthafrica.com\\\/wp-content\\\/uploads\\\/2026\\\/01\\\/SouthAfrican_MTB_Experience-300x298.png\",\"contentUrl\":\"https:\\\/\\\/mtbsouthafrica.com\\\/wp-content\\\/uploads\\\/2026\\\/01\\\/SouthAfrican_MTB_Experience-300x298.png\"},{\"@type\":\"BreadcrumbList\",\"@id\":\"https:\\\/\\\/mtbsouthafrica.com\\\/#breadcrumb\",\"itemListElement\":[{\"@type\":\"ListItem\",\"position\":1,\"name\":\"Home\",\"item\":\"https:\\\/\\\/mtbsouthafrica.com\\\/\"},{\"@type\":\"ListItem\",\"position\":2,\"name\":\"MTB South Africa Experience\"}]},{\"@type\":\"WebSite\",\"@id\":\"https:\\\/\\\/mtbsouthafrica.com\\\/#website\",\"url\":\"https:\\\/\\\/mtbsouthafrica.com\\\/\",\"name\":\"South African MTB Experience\",\"description\":\"Ride with the locals\",\"publisher\":{\"@id\":\"https:\\\/\\\/mtbsouthafrica.com\\\/#organization\"},\"potentialAction\":[{\"@type\":\"SearchAction\",\"target\":{\"@type\":\"EntryPoint\",\"urlTemplate\":\"https:\\\/\\\/mtbsouthafrica.com\\\/?s={search_term_string}\"},\"query-input\":{\"@type\":\"PropertyValueSpecification\",\"valueRequired\":true,\"valueName\":\"search_term_string\"}}],\"inLanguage\":\"en-GB\"},{\"@type\":\"Organization\",\"@id\":\"https:\\\/\\\/mtbsouthafrica.com\\\/#organization\",\"name\":\"Zuid Afrika MTB Experience\",\"url\":\"https:\\\/\\\/mtbsouthafrica.com\\\/\",\"logo\":{\"@type\":\"ImageObject\",\"inLanguage\":\"en-GB\",\"@id\":\"https:\\\/\\\/mtbsouthafrica.com\\\/#\\\/schema\\\/logo\\\/image\\\/\",\"url\":\"https:\\\/\\\/mtbsouthafrica.com\\\/wp-content\\\/uploads\\\/2024\\\/01\\\/SouthAfrican_MTB_ExperienceLOGO.png\",\"contentUrl\":\"https:\\\/\\\/mtbsouthafrica.com\\\/wp-content\\\/uploads\\\/2024\\\/01\\\/SouthAfrican_MTB_ExperienceLOGO.png\",\"width\":772,\"height\":770,\"caption\":\"Zuid Afrika MTB Experience\"},\"image\":{\"@id\":\"https:\\\/\\\/mtbsouthafrica.com\\\/#\\\/schema\\\/logo\\\/image\\\/\"},\"sameAs\":[\"https:\\\/\\\/www.youtube.com\\\/channel\\\/UC0Q9RosGffkY7CLQA9fMwkQ\"]}]}<\/script>\n<!-- \/ Yoast SEO plugin. -->","yoast_head_json":{"title":"MTB South Africa Experience - South African MTB Experience","robots":{"index":"index","follow":"follow","max-snippet":"max-snippet:-1","max-image-preview":"max-image-preview:large","max-video-preview":"max-video-preview:-1"},"canonical":"https:\/\/mtbsouthafrica.com\/en\/","og_locale":"en_GB","og_type":"article","og_title":"MTB South Africa Experience - South African MTB Experience","og_description":"Vanuit ons mountainbike-DNA weten we \u00e9\u00e9n ding zeker: elke mountainbiker heeft een bucketlist. Bestemmingen die je ooit gereden m\u00f3\u00e9t hebben. Plekken waar iconische trails samenkomen met momenten en herinneringen die je voor altijd bijblijven. Wij ontwikkelen, organiseren hoogwaardige, avontuurlijke MTB-events \u2014 zelfstandig \u00e9n samen met zorgvuldig geselecteerde partners die begrijpen wat er nodig is om [&hellip;]","og_url":"https:\/\/mtbsouthafrica.com\/en\/","og_site_name":"South African MTB Experience","article_modified_time":"2026-03-02T13:33:37+00:00","og_image":[{"width":528,"height":525,"url":"https:\/\/mtbsouthafrica.com\/wp-content\/uploads\/2026\/01\/SouthAfrican_MTB_Experience.png","type":"image\/png"}],"twitter_card":"summary_large_image","twitter_misc":{"Estimated reading time":"1 minute"},"schema":{"@context":"https:\/\/schema.org","@graph":[{"@type":"WebPage","@id":"https:\/\/mtbsouthafrica.com\/","url":"https:\/\/mtbsouthafrica.com\/","name":"MTB South Africa Experience - South African MTB Experience","isPartOf":{"@id":"https:\/\/mtbsouthafrica.com\/#website"},"primaryImageOfPage":{"@id":"https:\/\/mtbsouthafrica.com\/#primaryimage"},"image":{"@id":"https:\/\/mtbsouthafrica.com\/#primaryimage"},"thumbnailUrl":"https:\/\/mtbsouthafrica.com\/wp-content\/uploads\/2026\/01\/SouthAfrican_MTB_Experience-300x298.png","datePublished":"2026-02-11T09:14:29+00:00","dateModified":"2026-03-02T13:33:37+00:00","breadcrumb":{"@id":"https:\/\/mtbsouthafrica.com\/#breadcrumb"},"inLanguage":"en-GB","potentialAction":[{"@type":"ReadAction","target":["https:\/\/mtbsouthafrica.com\/"]}]},{"@type":"ImageObject","inLanguage":"en-GB","@id":"https:\/\/mtbsouthafrica.com\/#primaryimage","url":"https:\/\/mtbsouthafrica.com\/wp-content\/uploads\/2026\/01\/SouthAfrican_MTB_Experience-300x298.png","contentUrl":"https:\/\/mtbsouthafrica.com\/wp-content\/uploads\/2026\/01\/SouthAfrican_MTB_Experience-300x298.png"},{"@type":"BreadcrumbList","@id":"https:\/\/mtbsouthafrica.com\/#breadcrumb","itemListElement":[{"@type":"ListItem","position":1,"name":"Home","item":"https:\/\/mtbsouthafrica.com\/"},{"@type":"ListItem","position":2,"name":"MTB South Africa Experience"}]},{"@type":"WebSite","@id":"https:\/\/mtbsouthafrica.com\/#website","url":"https:\/\/mtbsouthafrica.com\/","name":"South African MTB Experience","description":"Ride with the locals","publisher":{"@id":"https:\/\/mtbsouthafrica.com\/#organization"},"potentialAction":[{"@type":"SearchAction","target":{"@type":"EntryPoint","urlTemplate":"https:\/\/mtbsouthafrica.com\/?s={search_term_string}"},"query-input":{"@type":"PropertyValueSpecification","valueRequired":true,"valueName":"search_term_string"}}],"inLanguage":"en-GB"},{"@type":"Organization","@id":"https:\/\/mtbsouthafrica.com\/#organization","name":"Zuid Afrika MTB Experience","url":"https:\/\/mtbsouthafrica.com\/","logo":{"@type":"ImageObject","inLanguage":"en-GB","@id":"https:\/\/mtbsouthafrica.com\/#\/schema\/logo\/image\/","url":"https:\/\/mtbsouthafrica.com\/wp-content\/uploads\/2024\/01\/SouthAfrican_MTB_ExperienceLOGO.png","contentUrl":"https:\/\/mtbsouthafrica.com\/wp-content\/uploads\/2024\/01\/SouthAfrican_MTB_ExperienceLOGO.png","width":772,"height":770,"caption":"Zuid Afrika MTB Experience"},"image":{"@id":"https:\/\/mtbsouthafrica.com\/#\/schema\/logo\/image\/"},"sameAs":["https:\/\/www.youtube.com\/channel\/UC0Q9RosGffkY7CLQA9fMwkQ"]}]}},"_links":{"self":[{"href":"https:\/\/mtbsouthafrica.com\/en\/wp-json\/wp\/v2\/pages\/10377","targetHints":{"allow":["GET"]}}],"collection":[{"href":"https:\/\/mtbsouthafrica.com\/en\/wp-json\/wp\/v2\/pages"}],"about":[{"href":"https:\/\/mtbsouthafrica.com\/en\/wp-json\/wp\/v2\/types\/page"}],"author":[{"embeddable":true,"href":"https:\/\/mtbsouthafrica.com\/en\/wp-json\/wp\/v2\/users\/1"}],"replies":[{"embeddable":true,"href":"https:\/\/mtbsouthafrica.com\/en\/wp-json\/wp\/v2\/comments?post=10377"}],"version-history":[{"count":0,"href":"https:\/\/mtbsouthafrica.com\/en\/wp-json\/wp\/v2\/pages\/10377\/revisions"}],"wp:attachment":[{"href":"https:\/\/mtbsouthafrica.com\/en\/wp-json\/wp\/v2\/media?parent=10377"}],"curies":[{"name":"wp","href":"https:\/\/api.w.org\/{rel}","templated":true}]}}