{"id":3,"date":"2022-12-07T12:25:16","date_gmt":"2022-12-07T12:25:16","guid":{"rendered":"https:\/\/mtbsouthafrica.com\/?page_id=3"},"modified":"2026-03-27T14:18:26","modified_gmt":"2026-03-27T14:18:26","slug":"privacy-policy","status":"publish","type":"page","link":"https:\/\/mtbsouthafrica.com\/en\/privacy-policy\/","title":{"rendered":"Privacy Policy"},"content":{"rendered":"<h2 class=\"wp-block-heading\">Privacyverklaring Zuid Afrika MTB Experience<\/h2>\r\n\r\n\r\n\r\n<p>1.\u00a0\u00a0\u00a0\u00a0\u00a0\u00a0\u00a0\u00a0\u00a0\u00a0\u00a0\u00a0\u00a0\u00a0\u00a0\u00a0\u00a0\u00a0\u00a0 <strong>Inleiding<\/strong><br \/>1.1.\u00a0\u00a0\u00a0\u00a0\u00a0\u00a0\u00a0\u00a0\u00a0\u00a0\u00a0\u00a0\u00a0\u00a0\u00a0 Zuid Afrika MTB Experience B.V. (ZA MTB Experience) is een (reis)organisatie die exclusieve events voor groepen mountainbikers organiseert. Deze verklaring beschrijft de verwerking van persoonsgegevens van ZA MTB Experience.<br \/>1.2.\u00a0\u00a0\u00a0\u00a0\u00a0\u00a0\u00a0\u00a0\u00a0\u00a0\u00a0\u00a0\u00a0\u00a0\u00a0 ZA MTB Experience gaat zorgvuldig om met uw persoonsgegevens en neemt passende technische en organisatorische maatregelen. ZA MTB Experience houdt zich daarbij aan de toepasselijke privacywetgeving, waaronder de Algemene verordening gegevensbescherming (AVG) en de Uitvoeringswet Algemene verordening gegevensbescherming (UAVG).<\/p>\r\n<p>2.\u00a0\u00a0\u00a0\u00a0\u00a0\u00a0\u00a0\u00a0\u00a0\u00a0\u00a0\u00a0\u00a0\u00a0\u00a0\u00a0\u00a0\u00a0\u00a0 <strong>Contact met ZA MTB Experience<\/strong><br \/>Als u naar aanleiding van deze verklaring contact met ZA MTB Experience wilt opnemen, dan kan dat via onderstaande contactgegevens:<br \/>E-mail: \u00a0\u00a0\u00a0\u00a0\u00a0\u00a0\u00a0\u00a0\u00a0\u00a0\u00a0\u00a0\u00a0\u00a0 \u00a0\u00a0\u00a0\u00a0\u00a0\u00a0\u00a0\u00a0\u00a0\u00a0\u00a0 informatie@MTBzuidafrika.nl<br \/>Websites:\u00a0\u00a0\u00a0\u00a0\u00a0\u00a0\u00a0\u00a0\u00a0\u00a0 \u00a0\u00a0\u00a0\u00a0\u00a0\u00a0\u00a0\u00a0\u00a0\u00a0\u00a0 www.MTBzuidafrika.nl<br \/>Telefoonnummer: \u00a0 \u00a0 \u00a0 \u00a00027631195919<\/p>\r\n<p>3. \u00a0 \u00a0 \u00a0 \u00a0 \u00a0 \u00a0 \u00a0 \u00a0 <a href=\"https:\/\/mtbsouthafrica.com\/en\/privacy-policy\/\">Persoonsgegevens<\/a><br \/>3.1. \u00a0 \u00a0 \u00a0 \u00a0 \u00a0 \u00a0 \u00a0Afhankelijk van de diensten die ZA MTB Experience aanbiedt, kan ZA MTB Experience de volgende persoonsgegevens van u verwerken:<br \/>(a)\u00a0\u00a0\u00a0\u00a0\u00a0\u00a0\u00a0\u00a0\u00a0\u00a0\u00a0\u00a0\u00a0\u00a0 voor- en achternaam;<br \/>(b)\u00a0\u00a0\u00a0\u00a0\u00a0\u00a0\u00a0\u00a0\u00a0\u00a0\u00a0\u00a0\u00a0\u00a0 adresgegevens;<br \/>(c)\u00a0\u00a0\u00a0\u00a0\u00a0\u00a0\u00a0\u00a0\u00a0\u00a0\u00a0\u00a0\u00a0\u00a0 (mobiel) telefoonnummer;<br \/>(d)\u00a0\u00a0\u00a0\u00a0\u00a0\u00a0\u00a0\u00a0\u00a0\u00a0\u00a0\u00a0\u00a0\u00a0 e-mailadres<br \/>3.2.\u00a0\u00a0\u00a0\u00a0\u00a0\u00a0\u00a0\u00a0\u00a0\u00a0\u00a0\u00a0\u00a0\u00a0\u00a0 De specifieke data die ZA MTB Experience verwerkt hangt af van de diensten die ZA MTB Experience aan u levert en de functionaliteiten van de website die u gebruikt.<\/p>\r\n<p>4.\u00a0\u00a0\u00a0\u00a0\u00a0\u00a0\u00a0\u00a0\u00a0\u00a0\u00a0\u00a0\u00a0\u00a0\u00a0\u00a0\u00a0\u00a0\u00a0 <strong>Doeleinden<\/strong><br \/>ZA MTB Experience verwerkt persoonsgegevens voor de volgende doeleinden:<br \/>a.\u00a0\u00a0\u00a0\u00a0 de uitvoering van dienstverlening en bijbehorende overeenkomsten;<br \/>b.\u00a0\u00a0\u00a0\u00a0 het versturen van informatie in het kader van overeenkomsten (onder andere over de reis en de voorbereiding ervan);<br \/>c.\u00a0\u00a0\u00a0\u00a0 het voldoen aan wet- en regelgeving;<br \/>d.\u00a0\u00a0\u00a0\u00a0 marketing, waaronder het toesturen van informatie, nieuwsbrieven, uitnodigingen of aankondigingen, bijvoorbeeld met betrekking tot nieuwe events;<br \/>e.\u00a0\u00a0\u00a0\u00a0 het afhandelen van contactverzoeken.<\/p>\r\n<p>5.\u00a0\u00a0\u00a0\u00a0\u00a0\u00a0\u00a0\u00a0\u00a0\u00a0\u00a0\u00a0\u00a0\u00a0\u00a0\u00a0\u00a0\u00a0\u00a0 <strong>Marketingactiviteiten<\/strong><br \/>5.1.\u00a0\u00a0\u00a0\u00a0\u00a0\u00a0\u00a0\u00a0\u00a0\u00a0\u00a0\u00a0\u00a0\u00a0\u00a0\u00a0 Wanneer u klant bent van ZA MTB Experience, kunnen wij u digitale direct marketinginformatie toesturen over vergelijkbare producten of diensten die u van ons hebt ontvangen. Met betrekking tot deze digitale direct marketingactiviteiten doen wij een beroep op de grondslag \u2018gerechtvaardigd belang\u2019. U hebt te allen tijde het recht om bezwaar te maken tegen de verwerking van uw persoonsgegevens voor dit doeleinde. Ook kunt u zich altijd uitschrijven voor e-mails via de link in de e-mail.<\/p>\r\n<p>5.2.\u00a0\u00a0\u00a0\u00a0\u00a0\u00a0\u00a0\u00a0\u00a0\u00a0\u00a0\u00a0\u00a0\u00a0\u00a0\u00a0 Indien u geen klant bent van ZA MTB Experience, vragen wij uw toestemming voor het toesturen van marketinginformatie. Dit doen wij ook voor het toesturen van marketinginformatie over andere producten en diensten dan u van ons hebt ontvangen. Deze toestemming geeft u online door een vinkje te activeren. U kunt de toestemming intrekken door u uit te schrijven voor deze e-mails via de link in de e-mail.<\/p>\r\n<p>6.\u00a0\u00a0\u00a0\u00a0\u00a0\u00a0\u00a0\u00a0\u00a0\u00a0\u00a0\u00a0\u00a0\u00a0\u00a0\u00a0\u00a0\u00a0\u00a0 <strong>Verstrekken van persoonsgegevens aan derden<\/strong><br \/>6.1.\u00a0\u00a0\u00a0\u00a0\u00a0\u00a0\u00a0\u00a0\u00a0\u00a0\u00a0\u00a0\u00a0\u00a0\u00a0 Wanneer dat noodzakelijk is voor de dienstverlening, stuurt ZA MTB Experience de door u verstrekte persoonsgegevens door aan derde partijen. Dat zijn derde partijen zoals, maar niet beperkt tot, IT-ondernemingen die ZA MTB Experience assisteren (onder andere met de website en het opslaan van data), de accountant en de Belastingdienst of overheidsinstanties waarmee ZA MTB Experience verplicht is de informatie te delen.<br \/>6.2.\u00a0\u00a0\u00a0\u00a0\u00a0\u00a0\u00a0\u00a0\u00a0\u00a0\u00a0\u00a0\u00a0\u00a0\u00a0 Indien ZA MTB Experience uw persoonsgegevens aan een derde verstrekt, dan is die derde verplicht de gegevens niet voor andere doeleinden te gebruiken dan waarvoor ze zijn verstrekt. De afspraken over de verwerking van persoonsgegevens worden, wanneer de wet dat voorschrijft, vastgelegd in een verwerkersovereenkomst.\u00a0<br \/>6.3.\u00a0\u00a0\u00a0\u00a0\u00a0\u00a0\u00a0\u00a0\u00a0\u00a0\u00a0\u00a0\u00a0\u00a0\u00a0 ZA MTB Experience zal verder geen persoonsgegevens aan andere partijen verstrekken dan de hierboven bedoelde, tenzij dat wettelijk toegestaan of verplicht is.<\/p>\r\n<p>7.\u00a0\u00a0\u00a0\u00a0\u00a0\u00a0\u00a0\u00a0\u00a0\u00a0\u00a0\u00a0\u00a0\u00a0\u00a0\u00a0\u00a0\u00a0\u00a0<strong> Beveiliging en bewaring<\/strong><br \/>7.1.\u00a0\u00a0\u00a0\u00a0\u00a0\u00a0\u00a0\u00a0\u00a0\u00a0\u00a0\u00a0\u00a0\u00a0\u00a0 ZA MTB Experience neemt passende beveiligingsmaatregelen om misbruik van en ongeautoriseerde toegang tot uw persoonsgegevens te beperken.<br \/>7.2.\u00a0\u00a0\u00a0\u00a0\u00a0\u00a0\u00a0\u00a0\u00a0\u00a0\u00a0\u00a0\u00a0\u00a0\u00a0 ZA MTB Experience bewaart uw persoonsgegevens niet langer dan noodzakelijk is. De specifieke bewaartermijnen zijn afhankelijk van de producten en diensten die ZA MTB Experience aan u levert. ZA MTB Experience bewaart uw persoonsgegevens in ieder geval niet langer dan zeven jaar na het eindigen van de overeenkomst die u met ZA MTB Experience hebt. Wanneer u uw toestemming intrekt, dan verwijdert ZA MTB Experience die persoonsgegevens waarvoor u toestemming had verleend. Het voorgaande is niet van toepassing indien ZA MTB Experience uw persoonsgegevens langer moet of mag bewaren op grond van een wettelijke verplichting.<br \/><br \/>8.\u00a0\u00a0\u00a0\u00a0\u00a0\u00a0\u00a0\u00a0\u00a0\u00a0\u00a0\u00a0\u00a0\u00a0\u00a0\u00a0\u00a0\u00a0\u00a0 <strong>Websites van derden<\/strong><br \/>De website van ZA MTB Experience kan verwijzingen naar andere websites bevatten, zoals hyperlinks. ZA MTB Experience is niet verantwoordelijk of aansprakelijk voor het verwerken van persoonsgegevens door die websites. Deze privacyverklaring is niet van toepassing op het gebruik van die websites van derden.<\/p>\r\n<p>9.\u00a0\u00a0\u00a0\u00a0\u00a0\u00a0\u00a0\u00a0\u00a0\u00a0\u00a0\u00a0\u00a0\u00a0\u00a0\u00a0\u00a0\u00a0\u00a0 <strong>Cookies en profilering<\/strong><br \/>9.1.\u00a0\u00a0\u00a0\u00a0\u00a0\u00a0\u00a0\u00a0\u00a0\u00a0\u00a0\u00a0\u00a0\u00a0\u00a0 Cookies zijn kleine tekstbestandjes die op uw computer of mobiele apparatuur worden opgeslagen wanneer u een website bezoekt. Op de website van ZA MTB Experience worden cookies gebruikt om een optimale gebruikerservaring te bieden en diensten te optimaliseren. Daarmee hoeft u bijvoorbeeld niet steeds dezelfde informatie in te vullen en kunt u eenvoudiger door de website navigeren. <br \/>9.2.\u00a0\u00a0\u00a0\u00a0\u00a0\u00a0\u00a0\u00a0\u00a0\u00a0\u00a0\u00a0\u00a0\u00a0\u00a0 Voor het gebruik van tracking cookies vragen wij toestemming wanneer u de website gebruikt. Indien u geen toestemming verleent, worden er geen tracking cookies verwerkt. Daarnaast kunnen wij gebruik maken van analytische cookies, zoals Google Analytics, om het gebruik van de website te analyseren en de website te verbeteren. Bij het gebruik van analytische cookies worden geen persoonsgegevens verwerkt. Voor meer informatie met betrekking tot deze cookies (en eventuele bijbehorende verwerkingen van persoonsgegevens) verwijzen wij naar het privacybeleid van de betreffende aanbieder.<br \/>9.3.\u00a0\u00a0\u00a0\u00a0\u00a0\u00a0\u00a0\u00a0\u00a0\u00a0\u00a0\u00a0\u00a0\u00a0\u00a0 Het al of niet toestaan van cookies kunt u wijzigen in de instellingen van uw browser.<\/p>\r\n<p>10.\u00a0\u00a0\u00a0\u00a0\u00a0\u00a0\u00a0\u00a0\u00a0\u00a0\u00a0\u00a0\u00a0\u00a0\u00a0\u00a0\u00a0 <strong>Overdracht van persoonsgegevens aan ontvangers buiten de EU en de EER<\/strong><br \/>In beginsel geeft ZA MTB Experience geen persoonsgegevens door aan ontvangers in landen buiten de Europese Unie (EU), IJsland, Liechtenstein en Noorwegen (de Europese Economische Ruimte).<br \/>In voorkomend geval en met uw toestemming, kunnen bij het gebruik van dienstverleners wel persoonsgegevens worden doorgegeven aan ontvangers in landen buiten de EU en de EER en daar worden verwerkt. De volgende landen worden door de EU beschouwd als landen met een passend beschermingsniveau voor de verwerking van persoonsgegevens dat overeenkomt met de EU-normen (zogeheten adequaatheidsbesluit): Andorra, Argentini\u00eb, Canada (beperkt), Faer\u00f6er-eilanden, Guernsey, Isra\u00ebl, Isle of Man, Japan, Jersey, Nieuw-Zeeland, Zwitserland, Zuid-Korea, Uruguay, Verenigd Koninkrijk. Met ontvangers in andere landen maken wij afspraken over de toepassing van EU-modelcontractbepalingen, van bindende ondernemingsregelingen of andere toelaatbare mechanismen om volgens de wettelijke eisen een \u2018adequaat beschermingsniveau\u2019 te cre\u00ebren.<\/p>\r\n<p>11.\u00a0\u00a0\u00a0\u00a0\u00a0\u00a0\u00a0\u00a0\u00a0\u00a0\u00a0\u00a0\u00a0\u00a0\u00a0\u00a0 <strong>Wijzigingen<\/strong><br \/>ZA MTB Experience kan deze privacyverklaring van tijd tot tijd wijzigen. Wijzigingen zullen op onze website worden gepubliceerd. \u00a0<\/p>\r\n<p>12.\u00a0\u00a0\u00a0\u00a0\u00a0\u00a0\u00a0\u00a0\u00a0\u00a0\u00a0\u00a0\u00a0\u00a0\u00a0\u00a0 <strong>Social media<\/strong><br \/>Er zijn social media knoppen op deze website opgenomen om pagina\u2019s te kunnen delen via social media netwerken als Facebook, YouTube en Instagram. Indien u op deze knoppen klikt worden uw persoonsgegevens verwerkt door het desbetreffende social media netwerk. Lees de privacyverklaringen van Facebook, YouTube en Instagram om te zien hoe deze netwerken met uw persoonsgegevens omgaan.<\/p>\r\n<p>13.\u00a0\u00a0\u00a0\u00a0\u00a0\u00a0\u00a0\u00a0\u00a0\u00a0\u00a0\u00a0\u00a0\u00a0\u00a0\u00a0 <strong>Uw rechten: inzage en wijzigen van persoonsgegevens<\/strong><br \/>U hebt soms het recht om bezwaar te maken tegen de verwerking van uw persoonsgegevens. Daaronder valt het recht om ZA MTB Experience een verzoek te doen tot inzage, beperking, rectificatie of wissen van uw persoonsgegevens. Ook kunt u vragen om uw persoonsgegevens aan u over te dragen. Na ontvangst van uw verzoek ontvangt u binnen vier weken antwoord. U kunt een dergelijk verzoek toesturen aan klacht@MTBzuidafrika.nl.<\/p>\r\n<p>14.\u00a0\u00a0\u00a0\u00a0\u00a0\u00a0\u00a0\u00a0\u00a0\u00a0\u00a0\u00a0\u00a0\u00a0\u00a0\u00a0 <strong>Klachten<\/strong><br \/>ZA MTB Experience hoort het graag indien u klachten hebt over de verwerking van uw persoonsgegevens. Op grond van de privacywetgeving hebt u ook het recht om een klacht in te dienen bij de Autoriteit Persoonsgegevens.<\/p>\r\n<p>juli 2023<\/p>","protected":false},"excerpt":{"rendered":"<p>Privacyverklaring Zuid Afrika MTB Experience 1.\u00a0\u00a0\u00a0\u00a0\u00a0\u00a0\u00a0\u00a0\u00a0\u00a0\u00a0\u00a0\u00a0\u00a0\u00a0\u00a0\u00a0\u00a0\u00a0 Inleiding1.1.\u00a0\u00a0\u00a0\u00a0\u00a0\u00a0\u00a0\u00a0\u00a0\u00a0\u00a0\u00a0\u00a0\u00a0\u00a0 Zuid Afrika MTB Experience B.V. (ZA MTB Experience) is een (reis)organisatie die exclusieve events voor groepen mountainbikers organiseert. Deze verklaring beschrijft de verwerking van persoonsgegevens van ZA MTB Experience.1.2.\u00a0\u00a0\u00a0\u00a0\u00a0\u00a0\u00a0\u00a0\u00a0\u00a0\u00a0\u00a0\u00a0\u00a0\u00a0 ZA MTB Experience gaat zorgvuldig om met uw persoonsgegevens en neemt passende technische en organisatorische maatregelen. ZA MTB Experience [&hellip;]<\/p>\n","protected":false},"author":1,"featured_media":8320,"parent":0,"menu_order":0,"comment_status":"closed","ping_status":"open","template":"","meta":{"_acf_changed":false,"_sitemap_exclude":false,"_sitemap_priority":"","_sitemap_frequency":"","footnotes":""},"class_list":["post-3","page","type-page","status-publish","has-post-thumbnail","hentry"],"acf":[],"yoast_head":"<!-- This site is optimized with the Yoast SEO plugin v27.4 - https:\/\/yoast.com\/product\/yoast-seo-wordpress\/ -->\n<title>Privacy Policy - South African MTB Experience<\/title>\n<meta name=\"robots\" content=\"index, follow, max-snippet:-1, max-image-preview:large, max-video-preview:-1\" \/>\n<link rel=\"canonical\" href=\"https:\/\/mtbsouthafrica.com\/en\/privacy-policy\/\" \/>\n<meta property=\"og:locale\" content=\"en_GB\" \/>\n<meta property=\"og:type\" content=\"article\" \/>\n<meta property=\"og:title\" content=\"Privacy Policy - South African MTB Experience\" \/>\n<meta property=\"og:description\" content=\"Privacyverklaring Zuid Afrika MTB Experience 1.\u00a0\u00a0\u00a0\u00a0\u00a0\u00a0\u00a0\u00a0\u00a0\u00a0\u00a0\u00a0\u00a0\u00a0\u00a0\u00a0\u00a0\u00a0\u00a0 Inleiding1.1.\u00a0\u00a0\u00a0\u00a0\u00a0\u00a0\u00a0\u00a0\u00a0\u00a0\u00a0\u00a0\u00a0\u00a0\u00a0 Zuid Afrika MTB Experience B.V. (ZA MTB Experience) is een (reis)organisatie die exclusieve events voor groepen mountainbikers organiseert. Deze verklaring beschrijft de verwerking van persoonsgegevens van ZA MTB Experience.1.2.\u00a0\u00a0\u00a0\u00a0\u00a0\u00a0\u00a0\u00a0\u00a0\u00a0\u00a0\u00a0\u00a0\u00a0\u00a0 ZA MTB Experience gaat zorgvuldig om met uw persoonsgegevens en neemt passende technische en organisatorische maatregelen. ZA MTB Experience [&hellip;]\" \/>\n<meta property=\"og:url\" content=\"https:\/\/mtbsouthafrica.com\/en\/privacy-policy\/\" \/>\n<meta property=\"og:site_name\" content=\"South African MTB Experience\" \/>\n<meta property=\"article:modified_time\" content=\"2026-03-27T14:18:26+00:00\" \/>\n<meta property=\"og:image\" content=\"https:\/\/mtbsouthafrica.com\/wp-content\/uploads\/2024\/12\/MTB_Keyvisual_2025.jpg\" \/>\n\t<meta property=\"og:image:width\" content=\"2500\" \/>\n\t<meta property=\"og:image:height\" content=\"1258\" \/>\n\t<meta property=\"og:image:type\" content=\"image\/jpeg\" \/>\n<meta name=\"twitter:card\" content=\"summary_large_image\" \/>\n<meta name=\"twitter:label1\" content=\"Estimated reading time\" \/>\n\t<meta name=\"twitter:data1\" content=\"7 minutes\" \/>\n<script type=\"application\/ld+json\" class=\"yoast-schema-graph\">{\"@context\":\"https:\\\/\\\/schema.org\",\"@graph\":[{\"@type\":\"WebPage\",\"@id\":\"https:\\\/\\\/mtbsouthafrica.com\\\/privacy-policy\\\/\",\"url\":\"https:\\\/\\\/mtbsouthafrica.com\\\/privacy-policy\\\/\",\"name\":\"Privacy Policy - South African MTB Experience\",\"isPartOf\":{\"@id\":\"https:\\\/\\\/mtbsouthafrica.com\\\/#website\"},\"primaryImageOfPage\":{\"@id\":\"https:\\\/\\\/mtbsouthafrica.com\\\/privacy-policy\\\/#primaryimage\"},\"image\":{\"@id\":\"https:\\\/\\\/mtbsouthafrica.com\\\/privacy-policy\\\/#primaryimage\"},\"thumbnailUrl\":\"https:\\\/\\\/mtbsouthafrica.com\\\/wp-content\\\/uploads\\\/2024\\\/12\\\/MTB_Keyvisual_2025.jpg\",\"datePublished\":\"2022-12-07T12:25:16+00:00\",\"dateModified\":\"2026-03-27T14:18:26+00:00\",\"breadcrumb\":{\"@id\":\"https:\\\/\\\/mtbsouthafrica.com\\\/privacy-policy\\\/#breadcrumb\"},\"inLanguage\":\"en-GB\",\"potentialAction\":[{\"@type\":\"ReadAction\",\"target\":[\"https:\\\/\\\/mtbsouthafrica.com\\\/privacy-policy\\\/\"]}]},{\"@type\":\"ImageObject\",\"inLanguage\":\"en-GB\",\"@id\":\"https:\\\/\\\/mtbsouthafrica.com\\\/privacy-policy\\\/#primaryimage\",\"url\":\"https:\\\/\\\/mtbsouthafrica.com\\\/wp-content\\\/uploads\\\/2024\\\/12\\\/MTB_Keyvisual_2025.jpg\",\"contentUrl\":\"https:\\\/\\\/mtbsouthafrica.com\\\/wp-content\\\/uploads\\\/2024\\\/12\\\/MTB_Keyvisual_2025.jpg\",\"width\":2500,\"height\":1258},{\"@type\":\"BreadcrumbList\",\"@id\":\"https:\\\/\\\/mtbsouthafrica.com\\\/privacy-policy\\\/#breadcrumb\",\"itemListElement\":[{\"@type\":\"ListItem\",\"position\":1,\"name\":\"Home\",\"item\":\"https:\\\/\\\/mtbsouthafrica.com\\\/\"},{\"@type\":\"ListItem\",\"position\":2,\"name\":\"Privacy Policy\"}]},{\"@type\":\"WebSite\",\"@id\":\"https:\\\/\\\/mtbsouthafrica.com\\\/#website\",\"url\":\"https:\\\/\\\/mtbsouthafrica.com\\\/\",\"name\":\"South African MTB Experience\",\"description\":\"Ride with the locals\",\"publisher\":{\"@id\":\"https:\\\/\\\/mtbsouthafrica.com\\\/#organization\"},\"potentialAction\":[{\"@type\":\"SearchAction\",\"target\":{\"@type\":\"EntryPoint\",\"urlTemplate\":\"https:\\\/\\\/mtbsouthafrica.com\\\/?s={search_term_string}\"},\"query-input\":{\"@type\":\"PropertyValueSpecification\",\"valueRequired\":true,\"valueName\":\"search_term_string\"}}],\"inLanguage\":\"en-GB\"},{\"@type\":\"Organization\",\"@id\":\"https:\\\/\\\/mtbsouthafrica.com\\\/#organization\",\"name\":\"Zuid Afrika MTB Experience\",\"url\":\"https:\\\/\\\/mtbsouthafrica.com\\\/\",\"logo\":{\"@type\":\"ImageObject\",\"inLanguage\":\"en-GB\",\"@id\":\"https:\\\/\\\/mtbsouthafrica.com\\\/#\\\/schema\\\/logo\\\/image\\\/\",\"url\":\"https:\\\/\\\/mtbsouthafrica.com\\\/wp-content\\\/uploads\\\/2024\\\/01\\\/SouthAfrican_MTB_ExperienceLOGO.png\",\"contentUrl\":\"https:\\\/\\\/mtbsouthafrica.com\\\/wp-content\\\/uploads\\\/2024\\\/01\\\/SouthAfrican_MTB_ExperienceLOGO.png\",\"width\":772,\"height\":770,\"caption\":\"Zuid Afrika MTB Experience\"},\"image\":{\"@id\":\"https:\\\/\\\/mtbsouthafrica.com\\\/#\\\/schema\\\/logo\\\/image\\\/\"},\"sameAs\":[\"https:\\\/\\\/www.youtube.com\\\/channel\\\/UC0Q9RosGffkY7CLQA9fMwkQ\"]}]}<\/script>\n<!-- \/ Yoast SEO plugin. -->","yoast_head_json":{"title":"Privacy Policy - South African MTB Experience","robots":{"index":"index","follow":"follow","max-snippet":"max-snippet:-1","max-image-preview":"max-image-preview:large","max-video-preview":"max-video-preview:-1"},"canonical":"https:\/\/mtbsouthafrica.com\/en\/privacy-policy\/","og_locale":"en_GB","og_type":"article","og_title":"Privacy Policy - South African MTB Experience","og_description":"Privacyverklaring Zuid Afrika MTB Experience 1.\u00a0\u00a0\u00a0\u00a0\u00a0\u00a0\u00a0\u00a0\u00a0\u00a0\u00a0\u00a0\u00a0\u00a0\u00a0\u00a0\u00a0\u00a0\u00a0 Inleiding1.1.\u00a0\u00a0\u00a0\u00a0\u00a0\u00a0\u00a0\u00a0\u00a0\u00a0\u00a0\u00a0\u00a0\u00a0\u00a0 Zuid Afrika MTB Experience B.V. (ZA MTB Experience) is een (reis)organisatie die exclusieve events voor groepen mountainbikers organiseert. Deze verklaring beschrijft de verwerking van persoonsgegevens van ZA MTB Experience.1.2.\u00a0\u00a0\u00a0\u00a0\u00a0\u00a0\u00a0\u00a0\u00a0\u00a0\u00a0\u00a0\u00a0\u00a0\u00a0 ZA MTB Experience gaat zorgvuldig om met uw persoonsgegevens en neemt passende technische en organisatorische maatregelen. ZA MTB Experience [&hellip;]","og_url":"https:\/\/mtbsouthafrica.com\/en\/privacy-policy\/","og_site_name":"South African MTB Experience","article_modified_time":"2026-03-27T14:18:26+00:00","og_image":[{"width":2500,"height":1258,"url":"https:\/\/mtbsouthafrica.com\/wp-content\/uploads\/2024\/12\/MTB_Keyvisual_2025.jpg","type":"image\/jpeg"}],"twitter_card":"summary_large_image","twitter_misc":{"Estimated reading time":"7 minutes"},"schema":{"@context":"https:\/\/schema.org","@graph":[{"@type":"WebPage","@id":"https:\/\/mtbsouthafrica.com\/privacy-policy\/","url":"https:\/\/mtbsouthafrica.com\/privacy-policy\/","name":"Privacy Policy - South African MTB Experience","isPartOf":{"@id":"https:\/\/mtbsouthafrica.com\/#website"},"primaryImageOfPage":{"@id":"https:\/\/mtbsouthafrica.com\/privacy-policy\/#primaryimage"},"image":{"@id":"https:\/\/mtbsouthafrica.com\/privacy-policy\/#primaryimage"},"thumbnailUrl":"https:\/\/mtbsouthafrica.com\/wp-content\/uploads\/2024\/12\/MTB_Keyvisual_2025.jpg","datePublished":"2022-12-07T12:25:16+00:00","dateModified":"2026-03-27T14:18:26+00:00","breadcrumb":{"@id":"https:\/\/mtbsouthafrica.com\/privacy-policy\/#breadcrumb"},"inLanguage":"en-GB","potentialAction":[{"@type":"ReadAction","target":["https:\/\/mtbsouthafrica.com\/privacy-policy\/"]}]},{"@type":"ImageObject","inLanguage":"en-GB","@id":"https:\/\/mtbsouthafrica.com\/privacy-policy\/#primaryimage","url":"https:\/\/mtbsouthafrica.com\/wp-content\/uploads\/2024\/12\/MTB_Keyvisual_2025.jpg","contentUrl":"https:\/\/mtbsouthafrica.com\/wp-content\/uploads\/2024\/12\/MTB_Keyvisual_2025.jpg","width":2500,"height":1258},{"@type":"BreadcrumbList","@id":"https:\/\/mtbsouthafrica.com\/privacy-policy\/#breadcrumb","itemListElement":[{"@type":"ListItem","position":1,"name":"Home","item":"https:\/\/mtbsouthafrica.com\/"},{"@type":"ListItem","position":2,"name":"Privacy Policy"}]},{"@type":"WebSite","@id":"https:\/\/mtbsouthafrica.com\/#website","url":"https:\/\/mtbsouthafrica.com\/","name":"South African MTB Experience","description":"Ride with the locals","publisher":{"@id":"https:\/\/mtbsouthafrica.com\/#organization"},"potentialAction":[{"@type":"SearchAction","target":{"@type":"EntryPoint","urlTemplate":"https:\/\/mtbsouthafrica.com\/?s={search_term_string}"},"query-input":{"@type":"PropertyValueSpecification","valueRequired":true,"valueName":"search_term_string"}}],"inLanguage":"en-GB"},{"@type":"Organization","@id":"https:\/\/mtbsouthafrica.com\/#organization","name":"Zuid Afrika MTB Experience","url":"https:\/\/mtbsouthafrica.com\/","logo":{"@type":"ImageObject","inLanguage":"en-GB","@id":"https:\/\/mtbsouthafrica.com\/#\/schema\/logo\/image\/","url":"https:\/\/mtbsouthafrica.com\/wp-content\/uploads\/2024\/01\/SouthAfrican_MTB_ExperienceLOGO.png","contentUrl":"https:\/\/mtbsouthafrica.com\/wp-content\/uploads\/2024\/01\/SouthAfrican_MTB_ExperienceLOGO.png","width":772,"height":770,"caption":"Zuid Afrika MTB Experience"},"image":{"@id":"https:\/\/mtbsouthafrica.com\/#\/schema\/logo\/image\/"},"sameAs":["https:\/\/www.youtube.com\/channel\/UC0Q9RosGffkY7CLQA9fMwkQ"]}]}},"_links":{"self":[{"href":"https:\/\/mtbsouthafrica.com\/en\/wp-json\/wp\/v2\/pages\/3","targetHints":{"allow":["GET"]}}],"collection":[{"href":"https:\/\/mtbsouthafrica.com\/en\/wp-json\/wp\/v2\/pages"}],"about":[{"href":"https:\/\/mtbsouthafrica.com\/en\/wp-json\/wp\/v2\/types\/page"}],"author":[{"embeddable":true,"href":"https:\/\/mtbsouthafrica.com\/en\/wp-json\/wp\/v2\/users\/1"}],"replies":[{"embeddable":true,"href":"https:\/\/mtbsouthafrica.com\/en\/wp-json\/wp\/v2\/comments?post=3"}],"version-history":[{"count":1,"href":"https:\/\/mtbsouthafrica.com\/en\/wp-json\/wp\/v2\/pages\/3\/revisions"}],"predecessor-version":[{"id":10613,"href":"https:\/\/mtbsouthafrica.com\/en\/wp-json\/wp\/v2\/pages\/3\/revisions\/10613"}],"wp:featuredmedia":[{"embeddable":true,"href":"https:\/\/mtbsouthafrica.com\/en\/wp-json\/wp\/v2\/media\/8320"}],"wp:attachment":[{"href":"https:\/\/mtbsouthafrica.com\/en\/wp-json\/wp\/v2\/media?parent=3"}],"curies":[{"name":"wp","href":"https:\/\/api.w.org\/{rel}","templated":true}]}}