{"id":9543,"date":"2025-06-19T09:05:18","date_gmt":"2025-06-19T09:05:18","guid":{"rendered":"https:\/\/mtbsouthafrica.com\/?post_type=product&#038;p=9543"},"modified":"2026-05-01T12:42:37","modified_gmt":"2026-05-01T12:42:37","slug":"23-april-02-mei-2026","status":"publish","type":"product","link":"https:\/\/mtbsouthafrica.com\/en\/events\/23-april-02-mei-2026\/","title":{"rendered":"april 23 - may 2 | 2026"},"content":{"rendered":"","protected":false},"excerpt":{"rendered":"<p>Als mountainbiken wel jou passie is maar niet van je partner dan is dit h\u00e9t Event voor jullie samen! Jij gaat op de ochtenden mountainbiken met \u00e9\u00e9n van onze gidsen of een groep als er meerdere aanmeldingen zijn. Je bent rond 12:00 terug bij YEBO en kunt na een douche of duik in het zwembad gaan genieten met je partner van alles wat de Westkaap te bieden heeft. Ons advies is om je eigen auto te huren maar met een UBER kom je ook bijna overal. Geniet samen met je partner van heerlijke lunch lokaties, ontdek de Westkaap, de natuur, de cultuur en droom weg bij de zonsondergang over de oceaan. De volgende ochtend sta je weer fris aan de start voor 3 a 4 uur mountainbiken!<\/p>\n<p>Samenvatting:<\/p>\n<ul>\n<li>Mountainbiken tot aan de lunch zodat je in de middag wat met je partner kunt doen<\/li>\n<li>E\u00e9n pauze dag waarop je niet fietst maar waarop je bv. de gehele dag Kaapstad kunt bezoeken<\/li>\n<li>Alle trails zijn schaalbaar qua kilometers en hoogte meters<\/li>\n<li>Vanaf zes deelnemers begeleiden wij met twee gidsen<\/li>\n<li>Het Trail programma staat niet in steen geschreven<\/li>\n<li>Het is belangrijk dat je fit en sterk genoeg bent om te klimmen<\/li>\n<li>We rijden volgens het social riding principe, samen uit samen thuis<\/li>\n<\/ul>","protected":false},"featured_media":7439,"template":"","meta":{"_acf_changed":false,"_sitemap_exclude":false,"_sitemap_priority":"","_sitemap_frequency":""},"product_brand":[272],"product_cat":[260,280],"product_tag":[],"class_list":{"0":"post-9543","1":"product","2":"type-product","3":"status-publish","4":"has-post-thumbnail","6":"product_brand-voorbeeld","7":"product_cat-260","8":"product_cat-halve-dagen","9":"tm-has-options","11":"first","12":"outofstock","13":"shipping-taxable","14":"purchasable","15":"product-type-simple"},"acf":[],"yoast_head":"<!-- This site is optimized with the Yoast SEO plugin v27.4 - https:\/\/yoast.com\/product\/yoast-seo-wordpress\/ -->\n<title>23 april - 02 mei 2026 - South African MTB Experience<\/title>\n<meta name=\"robots\" content=\"index, follow, max-snippet:-1, max-image-preview:large, max-video-preview:-1\" \/>\n<link rel=\"canonical\" href=\"https:\/\/mtbsouthafrica.com\/en\/events\/23-april-02-mei-2026\/\" \/>\n<meta property=\"og:locale\" content=\"en_GB\" \/>\n<meta property=\"og:type\" content=\"article\" \/>\n<meta property=\"og:title\" content=\"23 april - 02 mei 2026 - South African MTB Experience\" \/>\n<meta property=\"og:description\" content=\"Als mountainbiken wel jou passie is maar niet van je partner dan is dit h\u00e9t Event voor jullie samen! Jij gaat op de ochtenden mountainbiken met \u00e9\u00e9n van onze gidsen of een groep als er meerdere aanmeldingen zijn. Je bent rond 12:00 terug bij YEBO en kunt na een douche of duik in het zwembad gaan genieten met je partner van alles wat de Westkaap te bieden heeft. Ons advies is om je eigen auto te huren maar met een UBER kom je ook bijna overal. Geniet samen met je partner van heerlijke lunch lokaties, ontdek de Westkaap, de natuur, de cultuur en droom weg bij de zonsondergang over de oceaan. De volgende ochtend sta je weer fris aan de start voor 3 a 4 uur mountainbiken!  Samenvatting:   Mountainbiken tot aan de lunch zodat je in de middag wat met je partner kunt doen  E\u00e9n pauze dag waarop je niet fietst maar waarop je bv. de gehele dag Kaapstad kunt bezoeken  Alle trails zijn schaalbaar qua kilometers en hoogte meters  Vanaf zes deelnemers begeleiden wij met twee gidsen  Het Trail programma staat niet in steen geschreven  Het is belangrijk dat je fit en sterk genoeg bent om te klimmen  We rijden volgens het social riding principe, samen uit samen thuis\" \/>\n<meta property=\"og:url\" content=\"https:\/\/mtbsouthafrica.com\/en\/events\/23-april-02-mei-2026\/\" \/>\n<meta property=\"og:site_name\" content=\"South African MTB Experience\" \/>\n<meta property=\"article:modified_time\" content=\"2026-05-01T12:42:37+00:00\" \/>\n<meta property=\"og:image\" content=\"https:\/\/mtbsouthafrica.com\/wp-content\/uploads\/2024\/01\/SouthAfrican_MTB_ExperienceLOGO.png\" \/>\n\t<meta property=\"og:image:width\" content=\"772\" \/>\n\t<meta property=\"og:image:height\" content=\"770\" \/>\n\t<meta property=\"og:image:type\" content=\"image\/png\" \/>\n<meta name=\"twitter:card\" content=\"summary_large_image\" \/>\n<meta name=\"twitter:label1\" content=\"Estimated reading time\" \/>\n\t<meta name=\"twitter:data1\" content=\"1 minute\" \/>\n<script type=\"application\/ld+json\" class=\"yoast-schema-graph\">{\"@context\":\"https:\\\/\\\/schema.org\",\"@graph\":[{\"@type\":\"WebPage\",\"@id\":\"https:\\\/\\\/mtbsouthafrica.com\\\/events\\\/23-april-02-mei-2026\\\/\",\"url\":\"https:\\\/\\\/mtbsouthafrica.com\\\/events\\\/23-april-02-mei-2026\\\/\",\"name\":\"23 april - 02 mei 2026 - South African MTB Experience\",\"isPartOf\":{\"@id\":\"https:\\\/\\\/mtbsouthafrica.com\\\/#website\"},\"primaryImageOfPage\":{\"@id\":\"https:\\\/\\\/mtbsouthafrica.com\\\/events\\\/23-april-02-mei-2026\\\/#primaryimage\"},\"image\":{\"@id\":\"https:\\\/\\\/mtbsouthafrica.com\\\/events\\\/23-april-02-mei-2026\\\/#primaryimage\"},\"thumbnailUrl\":\"https:\\\/\\\/mtbsouthafrica.com\\\/wp-content\\\/uploads\\\/2024\\\/01\\\/SouthAfrican_MTB_ExperienceLOGO.png\",\"datePublished\":\"2025-06-19T09:05:18+00:00\",\"dateModified\":\"2026-05-01T12:42:37+00:00\",\"breadcrumb\":{\"@id\":\"https:\\\/\\\/mtbsouthafrica.com\\\/events\\\/23-april-02-mei-2026\\\/#breadcrumb\"},\"inLanguage\":\"en-GB\",\"potentialAction\":[{\"@type\":\"ReadAction\",\"target\":[\"https:\\\/\\\/mtbsouthafrica.com\\\/events\\\/23-april-02-mei-2026\\\/\"]}]},{\"@type\":\"ImageObject\",\"inLanguage\":\"en-GB\",\"@id\":\"https:\\\/\\\/mtbsouthafrica.com\\\/events\\\/23-april-02-mei-2026\\\/#primaryimage\",\"url\":\"https:\\\/\\\/mtbsouthafrica.com\\\/wp-content\\\/uploads\\\/2024\\\/01\\\/SouthAfrican_MTB_ExperienceLOGO.png\",\"contentUrl\":\"https:\\\/\\\/mtbsouthafrica.com\\\/wp-content\\\/uploads\\\/2024\\\/01\\\/SouthAfrican_MTB_ExperienceLOGO.png\",\"width\":772,\"height\":770},{\"@type\":\"BreadcrumbList\",\"@id\":\"https:\\\/\\\/mtbsouthafrica.com\\\/events\\\/23-april-02-mei-2026\\\/#breadcrumb\",\"itemListElement\":[{\"@type\":\"ListItem\",\"position\":1,\"name\":\"Home\",\"item\":\"https:\\\/\\\/mtbsouthafrica.com\\\/\"},{\"@type\":\"ListItem\",\"position\":2,\"name\":\"Winkel\",\"item\":\"https:\\\/\\\/mtbsouthafrica.com\\\/winkel\\\/\"},{\"@type\":\"ListItem\",\"position\":3,\"name\":\"23 april &#8211; 02 mei 2026\"}]},{\"@type\":\"WebSite\",\"@id\":\"https:\\\/\\\/mtbsouthafrica.com\\\/#website\",\"url\":\"https:\\\/\\\/mtbsouthafrica.com\\\/\",\"name\":\"South African MTB Experience\",\"description\":\"Ride with the locals\",\"publisher\":{\"@id\":\"https:\\\/\\\/mtbsouthafrica.com\\\/#organization\"},\"potentialAction\":[{\"@type\":\"SearchAction\",\"target\":{\"@type\":\"EntryPoint\",\"urlTemplate\":\"https:\\\/\\\/mtbsouthafrica.com\\\/?s={search_term_string}\"},\"query-input\":{\"@type\":\"PropertyValueSpecification\",\"valueRequired\":true,\"valueName\":\"search_term_string\"}}],\"inLanguage\":\"en-GB\"},{\"@type\":\"Organization\",\"@id\":\"https:\\\/\\\/mtbsouthafrica.com\\\/#organization\",\"name\":\"Zuid Afrika MTB Experience\",\"url\":\"https:\\\/\\\/mtbsouthafrica.com\\\/\",\"logo\":{\"@type\":\"ImageObject\",\"inLanguage\":\"en-GB\",\"@id\":\"https:\\\/\\\/mtbsouthafrica.com\\\/#\\\/schema\\\/logo\\\/image\\\/\",\"url\":\"https:\\\/\\\/mtbsouthafrica.com\\\/wp-content\\\/uploads\\\/2024\\\/01\\\/SouthAfrican_MTB_ExperienceLOGO.png\",\"contentUrl\":\"https:\\\/\\\/mtbsouthafrica.com\\\/wp-content\\\/uploads\\\/2024\\\/01\\\/SouthAfrican_MTB_ExperienceLOGO.png\",\"width\":772,\"height\":770,\"caption\":\"Zuid Afrika MTB Experience\"},\"image\":{\"@id\":\"https:\\\/\\\/mtbsouthafrica.com\\\/#\\\/schema\\\/logo\\\/image\\\/\"},\"sameAs\":[\"https:\\\/\\\/www.youtube.com\\\/channel\\\/UC0Q9RosGffkY7CLQA9fMwkQ\"]}]}<\/script>\n<!-- \/ Yoast SEO plugin. -->","yoast_head_json":{"title":"23 april - 02 mei 2026 - South African MTB Experience","robots":{"index":"index","follow":"follow","max-snippet":"max-snippet:-1","max-image-preview":"max-image-preview:large","max-video-preview":"max-video-preview:-1"},"canonical":"https:\/\/mtbsouthafrica.com\/en\/events\/23-april-02-mei-2026\/","og_locale":"en_GB","og_type":"article","og_title":"23 april - 02 mei 2026 - South African MTB Experience","og_description":"Als mountainbiken wel jou passie is maar niet van je partner dan is dit h\u00e9t Event voor jullie samen! Jij gaat op de ochtenden mountainbiken met \u00e9\u00e9n van onze gidsen of een groep als er meerdere aanmeldingen zijn. Je bent rond 12:00 terug bij YEBO en kunt na een douche of duik in het zwembad gaan genieten met je partner van alles wat de Westkaap te bieden heeft. Ons advies is om je eigen auto te huren maar met een UBER kom je ook bijna overal. Geniet samen met je partner van heerlijke lunch lokaties, ontdek de Westkaap, de natuur, de cultuur en droom weg bij de zonsondergang over de oceaan. De volgende ochtend sta je weer fris aan de start voor 3 a 4 uur mountainbiken!  Samenvatting:   Mountainbiken tot aan de lunch zodat je in de middag wat met je partner kunt doen  E\u00e9n pauze dag waarop je niet fietst maar waarop je bv. de gehele dag Kaapstad kunt bezoeken  Alle trails zijn schaalbaar qua kilometers en hoogte meters  Vanaf zes deelnemers begeleiden wij met twee gidsen  Het Trail programma staat niet in steen geschreven  Het is belangrijk dat je fit en sterk genoeg bent om te klimmen  We rijden volgens het social riding principe, samen uit samen thuis","og_url":"https:\/\/mtbsouthafrica.com\/en\/events\/23-april-02-mei-2026\/","og_site_name":"South African MTB Experience","article_modified_time":"2026-05-01T12:42:37+00:00","og_image":[{"width":772,"height":770,"url":"https:\/\/mtbsouthafrica.com\/wp-content\/uploads\/2024\/01\/SouthAfrican_MTB_ExperienceLOGO.png","type":"image\/png"}],"twitter_card":"summary_large_image","twitter_misc":{"Estimated reading time":"1 minute"},"schema":{"@context":"https:\/\/schema.org","@graph":[{"@type":"WebPage","@id":"https:\/\/mtbsouthafrica.com\/events\/23-april-02-mei-2026\/","url":"https:\/\/mtbsouthafrica.com\/events\/23-april-02-mei-2026\/","name":"23 april - 02 mei 2026 - South African MTB Experience","isPartOf":{"@id":"https:\/\/mtbsouthafrica.com\/#website"},"primaryImageOfPage":{"@id":"https:\/\/mtbsouthafrica.com\/events\/23-april-02-mei-2026\/#primaryimage"},"image":{"@id":"https:\/\/mtbsouthafrica.com\/events\/23-april-02-mei-2026\/#primaryimage"},"thumbnailUrl":"https:\/\/mtbsouthafrica.com\/wp-content\/uploads\/2024\/01\/SouthAfrican_MTB_ExperienceLOGO.png","datePublished":"2025-06-19T09:05:18+00:00","dateModified":"2026-05-01T12:42:37+00:00","breadcrumb":{"@id":"https:\/\/mtbsouthafrica.com\/events\/23-april-02-mei-2026\/#breadcrumb"},"inLanguage":"en-GB","potentialAction":[{"@type":"ReadAction","target":["https:\/\/mtbsouthafrica.com\/events\/23-april-02-mei-2026\/"]}]},{"@type":"ImageObject","inLanguage":"en-GB","@id":"https:\/\/mtbsouthafrica.com\/events\/23-april-02-mei-2026\/#primaryimage","url":"https:\/\/mtbsouthafrica.com\/wp-content\/uploads\/2024\/01\/SouthAfrican_MTB_ExperienceLOGO.png","contentUrl":"https:\/\/mtbsouthafrica.com\/wp-content\/uploads\/2024\/01\/SouthAfrican_MTB_ExperienceLOGO.png","width":772,"height":770},{"@type":"BreadcrumbList","@id":"https:\/\/mtbsouthafrica.com\/events\/23-april-02-mei-2026\/#breadcrumb","itemListElement":[{"@type":"ListItem","position":1,"name":"Home","item":"https:\/\/mtbsouthafrica.com\/"},{"@type":"ListItem","position":2,"name":"Winkel","item":"https:\/\/mtbsouthafrica.com\/winkel\/"},{"@type":"ListItem","position":3,"name":"23 april &#8211; 02 mei 2026"}]},{"@type":"WebSite","@id":"https:\/\/mtbsouthafrica.com\/#website","url":"https:\/\/mtbsouthafrica.com\/","name":"South African MTB Experience","description":"Ride with the locals","publisher":{"@id":"https:\/\/mtbsouthafrica.com\/#organization"},"potentialAction":[{"@type":"SearchAction","target":{"@type":"EntryPoint","urlTemplate":"https:\/\/mtbsouthafrica.com\/?s={search_term_string}"},"query-input":{"@type":"PropertyValueSpecification","valueRequired":true,"valueName":"search_term_string"}}],"inLanguage":"en-GB"},{"@type":"Organization","@id":"https:\/\/mtbsouthafrica.com\/#organization","name":"Zuid Afrika MTB Experience","url":"https:\/\/mtbsouthafrica.com\/","logo":{"@type":"ImageObject","inLanguage":"en-GB","@id":"https:\/\/mtbsouthafrica.com\/#\/schema\/logo\/image\/","url":"https:\/\/mtbsouthafrica.com\/wp-content\/uploads\/2024\/01\/SouthAfrican_MTB_ExperienceLOGO.png","contentUrl":"https:\/\/mtbsouthafrica.com\/wp-content\/uploads\/2024\/01\/SouthAfrican_MTB_ExperienceLOGO.png","width":772,"height":770,"caption":"Zuid Afrika MTB Experience"},"image":{"@id":"https:\/\/mtbsouthafrica.com\/#\/schema\/logo\/image\/"},"sameAs":["https:\/\/www.youtube.com\/channel\/UC0Q9RosGffkY7CLQA9fMwkQ"]}]}},"_links":{"self":[{"href":"https:\/\/mtbsouthafrica.com\/en\/wp-json\/wp\/v2\/product\/9543","targetHints":{"allow":["GET"]}}],"collection":[{"href":"https:\/\/mtbsouthafrica.com\/en\/wp-json\/wp\/v2\/product"}],"about":[{"href":"https:\/\/mtbsouthafrica.com\/en\/wp-json\/wp\/v2\/types\/product"}],"version-history":[{"count":1,"href":"https:\/\/mtbsouthafrica.com\/en\/wp-json\/wp\/v2\/product\/9543\/revisions"}],"predecessor-version":[{"id":10697,"href":"https:\/\/mtbsouthafrica.com\/en\/wp-json\/wp\/v2\/product\/9543\/revisions\/10697"}],"wp:featuredmedia":[{"embeddable":true,"href":"https:\/\/mtbsouthafrica.com\/en\/wp-json\/wp\/v2\/media\/7439"}],"wp:attachment":[{"href":"https:\/\/mtbsouthafrica.com\/en\/wp-json\/wp\/v2\/media?parent=9543"}],"wp:term":[{"taxonomy":"product_brand","embeddable":true,"href":"https:\/\/mtbsouthafrica.com\/en\/wp-json\/wp\/v2\/product_brand?post=9543"},{"taxonomy":"product_cat","embeddable":true,"href":"https:\/\/mtbsouthafrica.com\/en\/wp-json\/wp\/v2\/product_cat?post=9543"},{"taxonomy":"product_tag","embeddable":true,"href":"https:\/\/mtbsouthafrica.com\/en\/wp-json\/wp\/v2\/product_tag?post=9543"}],"curies":[{"name":"wp","href":"https:\/\/api.w.org\/{rel}","templated":true}]}}